{"id":510,"date":"2021-12-11T13:10:51","date_gmt":"2021-12-11T13:10:51","guid":{"rendered":"https:\/\/kinsley-demo.bslthemes.com\/?page_id=510"},"modified":"2024-10-10T16:03:37","modified_gmt":"2024-10-10T14:03:37","slug":"restaurant","status":"publish","type":"page","link":"https:\/\/gudvangenfjordtell.hornstaging.no\/en\/restaurant\/","title":{"rendered":"Restaurants"},"content":{"rendered":"<div data-elementor-type=\"wp-page\" data-elementor-id=\"510\" class=\"elementor elementor-510\" data-elementor-post-type=\"page\">\n\t\t\t\t<div class=\"elementor-element elementor-element-f413d22 e-flex e-con-boxed e-con e-parent\" data-id=\"f413d22\" data-element_type=\"container\" data-settings=\"{&quot;background_background&quot;:&quot;classic&quot;}\">\n\t\t\t\t\t<div class=\"e-con-inner\">\n\t\t<div class=\"elementor-element elementor-element-a9f44de e-con-full e-flex e-con e-child\" data-id=\"a9f44de\" data-element_type=\"container\">\n\t\t\t\t<div class=\"elementor-element elementor-element-83406fb elementor-widget elementor-widget-kinsley-section-heading-two\" data-id=\"83406fb\" data-element_type=\"widget\" data-widget_type=\"kinsley-section-heading-two.default\">\n\t\t\t\t<div class=\"elementor-widget-container\">\n\t\t\t\t\t\n\t\t\t\t<div class=\"knsl-subtitle-two knsl-mb-20\">\n\t\t\t<span >\n\t\t\t\tExplore Gudvangen\t\t\t<\/span>\n\t\t<\/div>\n\t\t\t\t\t\t<h2 class=\"knsl-title-two knsl-mb-30\">\n\t\t\t<span >\n\t\t\t\tExperience Gudvangens <em><strong>restauranter<\/strong><\/em>\t\t\t<\/span>\n\t\t<\/h2>\n\t\t\t\t\n\t\t\t\t\t\t<\/div>\n\t\t\t\t<\/div>\n\t\t\t\t<div class=\"elementor-element elementor-element-7b56f20 elementor-widget elementor-widget-kinsley-buttons\" data-id=\"7b56f20\" data-element_type=\"widget\" data-widget_type=\"kinsley-buttons.default\">\n\t\t\t\t<div class=\"elementor-widget-container\">\n\t\t\t\t\t\n        <!-- action button -->\n        <a  href=\"\" class=\"knsl-btn knsl-btn-md\">\n                        <span >\n            Book accommodation            <\/span>\n        <\/a>\n        <!-- action button end -->\n\n\t\t\t\t\t\t<\/div>\n\t\t\t\t<\/div>\n\t\t\t\t<\/div>\n\t\t\t\t\t<\/div>\n\t\t\t\t<\/div>\n\t\t<div class=\"elementor-element elementor-element-b60ba51 e-con-full e-flex e-con e-parent\" data-id=\"b60ba51\" data-element_type=\"container\">\n\t\t<div class=\"elementor-element elementor-element-b46d21c e-flex e-con-boxed e-con e-child\" data-id=\"b46d21c\" data-element_type=\"container\">\n\t\t\t\t\t<div class=\"e-con-inner\">\n\t\t<div class=\"elementor-element elementor-element-355ac06 e-con-full e-flex e-con e-child\" data-id=\"355ac06\" data-element_type=\"container\">\n\t\t\t\t<div class=\"elementor-element elementor-element-b5ddce6 elementor-widget elementor-widget-image\" data-id=\"b5ddce6\" data-element_type=\"widget\" data-widget_type=\"image.default\">\n\t\t\t\t<div class=\"elementor-widget-container\">\n\t\t\t\t\t\t\t\t\t\t\t\t\t\t\t<img fetchpriority=\"high\" decoding=\"async\" width=\"879\" height=\"1080\" src=\"https:\/\/gudvangenfjordtell.hornstaging.no\/wp-content\/uploads\/2024\/02\/6051f804a5639973e9741d59_Alacart4.jpg\" class=\"attachment-full size-full wp-image-10664\" alt=\"\" srcset=\"https:\/\/gudvangenfjordtell.hornstaging.no\/wp-content\/uploads\/2024\/02\/6051f804a5639973e9741d59_Alacart4.jpg 879w, https:\/\/gudvangenfjordtell.hornstaging.no\/wp-content\/uploads\/2024\/02\/6051f804a5639973e9741d59_Alacart4-244x300.jpg 244w, https:\/\/gudvangenfjordtell.hornstaging.no\/wp-content\/uploads\/2024\/02\/6051f804a5639973e9741d59_Alacart4-833x1024.jpg 833w, https:\/\/gudvangenfjordtell.hornstaging.no\/wp-content\/uploads\/2024\/02\/6051f804a5639973e9741d59_Alacart4-768x944.jpg 768w\" sizes=\"(max-width: 879px) 100vw, 879px\" \/>\t\t\t\t\t\t\t\t\t\t\t\t\t\t\t<\/div>\n\t\t\t\t<\/div>\n\t\t\t\t<\/div>\n\t\t<div class=\"elementor-element elementor-element-071ac70 e-con-full e-flex e-con e-child\" data-id=\"071ac70\" data-element_type=\"container\">\n\t\t\t\t<\/div>\n\t\t<div class=\"elementor-element elementor-element-4f16aff e-con-full e-flex e-con e-child\" data-id=\"4f16aff\" data-element_type=\"container\">\n\t\t\t\t<div class=\"elementor-element elementor-element-a4dfd7d elementor-widget elementor-widget-kinsley-section-heading-two\" data-id=\"a4dfd7d\" data-element_type=\"widget\" data-widget_type=\"kinsley-section-heading-two.default\">\n\t\t\t\t<div class=\"elementor-widget-container\">\n\t\t\t\t\t\n\t\t\t\t<div class=\"knsl-subtitle-two knsl-mb-20\">\n\t\t\t<span >\n\t\t\t\tFresh ingredients\t\t\t<\/span>\n\t\t<\/div>\n\t\t\t\t\t\t<h2 class=\"knsl-title-two knsl-mb-30\">\n\t\t\t<span >\n\t\t\t\tFood experiences at <em><strong>Gudvangen Fjordtell<\/strong><\/em>\t\t\t<\/span>\n\t\t<\/h2>\n\t\t\t\t\t\t<div class=\"knsl-description-two\">\n\t\t\t<div >\n\t\t\t\tGudvangen Fjordtell is proud of cooperating with the finest local meat, vegetables, honey and beer suppliers, so we can offer Norwegian seasonal cuisine based on organic, locally sourced ingredients.\n\n<br><br>\n\nThe driving force behind local production is a genuine desire to produce healthy and good raw materials, free of pesticides and without the use of artificial fertilizers. This is done in harmony with nature, with a focus on the environment and ecology.\n\n<br><br>\n\nFreshest ingredients from land to sea. Every flavor has been harvested, sustainably caught, or crafted locally. From our neighbors to our culinary team and straight to your plate. Always made from scratch, with the highest-quality in all forms - in our food, our service, and in our relationships.\n\n<br><br>\n\nWelcome to Gudvangen Fjordtell!\t\t\t<\/div>\n\t\t<\/div>\n\t\t\n\t\t\t\t\t\t<\/div>\n\t\t\t\t<\/div>\n\t\t\t\t<\/div>\n\t\t\t\t\t<\/div>\n\t\t\t\t<\/div>\n\t\t\t\t<\/div>\n\t\t<div class=\"elementor-element elementor-element-e8cbd8f e-flex e-con-boxed e-con e-child\" data-id=\"e8cbd8f\" data-element_type=\"container\" data-settings=\"{&quot;background_background&quot;:&quot;classic&quot;}\">\n\t\t\t\t\t<div class=\"e-con-inner\">\n\t\t<div class=\"elementor-element elementor-element-8c380aa e-con-full e-flex e-con e-child\" data-id=\"8c380aa\" data-element_type=\"container\">\n\t\t<div class=\"elementor-element elementor-element-58d2627 e-con-full e-flex e-con e-child\" data-id=\"58d2627\" data-element_type=\"container\">\n\t\t\t\t<div class=\"elementor-element elementor-element-df22e01 elementor-widget elementor-widget-kinsley-section-heading-two\" data-id=\"df22e01\" data-element_type=\"widget\" data-widget_type=\"kinsley-section-heading-two.default\">\n\t\t\t\t<div class=\"elementor-widget-container\">\n\t\t\t\t\t\n\t\t\t\t<div class=\"knsl-subtitle-two knsl-mb-20\">\n\t\t\t<span >\n\t\t\t\tFood experiences\t\t\t<\/span>\n\t\t<\/div>\n\t\t\t\t\t\t<h2 class=\"knsl-title-two knsl-mb-30\">\n\t\t\t<span >\n\t\t\t\tGudvangen offer a range of <em><strong>restaurants and caf\u00e9s<\/strong><\/em>\t\t\t<\/span>\n\t\t<\/h2>\n\t\t\t\t\n\t\t\t\t\t\t<\/div>\n\t\t\t\t<\/div>\n\t\t\t\t<div class=\"elementor-element elementor-element-3631d56 elementor-widget elementor-widget-kinsley-buttons\" data-id=\"3631d56\" data-element_type=\"widget\" data-widget_type=\"kinsley-buttons.default\">\n\t\t\t\t<div class=\"elementor-widget-container\">\n\t\t\t\t\t\n        <!-- action button -->\n        <a  href=\"\/en\/restaurant\/restauranter-gudvangen\/\" class=\"knsl-btn knsl-btn-md\">\n                        <span >\n            See all restaurants            <\/span>\n        <\/a>\n        <!-- action button end -->\n\n\t\t\t\t\t\t<\/div>\n\t\t\t\t<\/div>\n\t\t\t\t<\/div>\n\t\t\t\t<\/div>\n\t\t<div class=\"elementor-element elementor-element-7333f13 e-con-full e-flex e-con e-child\" data-id=\"7333f13\" data-element_type=\"container\">\n\t\t<div class=\"elementor-element elementor-element-71192e6 e-flex e-con-boxed e-con e-child\" data-id=\"71192e6\" data-element_type=\"container\">\n\t\t\t\t\t<div class=\"e-con-inner\">\n\t\t<div class=\"elementor-element elementor-element-56eef6a e-grid e-con-full e-con e-child\" data-id=\"56eef6a\" data-element_type=\"container\">\n\t\t<a class=\"elementor-element elementor-element-09ec5e5 e-con-full e-flex e-con e-child\" data-id=\"09ec5e5\" data-element_type=\"container\" data-settings=\"{&quot;background_background&quot;:&quot;classic&quot;}\" href=\"\/en\/restaurant\/restauranter-gudvangen\/gudvangen-a-la-carte-restaurant\/\">\n\t\t\t\t<div class=\"elementor-element elementor-element-16f86c9 elementor-widget elementor-widget-kinsley-section-heading-two\" data-id=\"16f86c9\" data-element_type=\"widget\" data-widget_type=\"kinsley-section-heading-two.default\">\n\t\t\t\t<div class=\"elementor-widget-container\">\n\t\t\t\t\t\n\t\t\t\t<div class=\"knsl-subtitle-two knsl-mb-20\">\n\t\t\t<span >\n\t\t\t\tKongshallen\t\t\t<\/span>\n\t\t<\/div>\n\t\t\t\t\t\t<h2 class=\"knsl-title-two knsl-mb-30\">\n\t\t\t<span >\n\t\t\t\tGudvangen \u00c0 la carte restaurant\t\t\t<\/span>\n\t\t<\/h2>\n\t\t\t\t\n\t\t\t\t\t\t<\/div>\n\t\t\t\t<\/div>\n\t\t\t\t<div class=\"elementor-element elementor-element-31001e5 elementor-widget elementor-widget-kinsley-section-heading-two\" data-id=\"31001e5\" data-element_type=\"widget\" data-widget_type=\"kinsley-section-heading-two.default\">\n\t\t\t\t<div class=\"elementor-widget-container\">\n\t\t\t\t\t\n\t\t\t\t\t\t<div class=\"knsl-title-two knsl-mb-30\">\n\t\t\t<span >\n\t\t\t\tRead more\t\t\t<\/span>\n\t\t<\/div>\n\t\t\t\t\n\t\t\t\t\t\t<\/div>\n\t\t\t\t<\/div>\n\t\t\t\t<\/a>\n\t\t<a class=\"elementor-element elementor-element-d4d165e e-con-full e-flex e-con e-child\" data-id=\"d4d165e\" data-element_type=\"container\" data-settings=\"{&quot;background_background&quot;:&quot;classic&quot;}\" href=\"\/en\/restaurant\/restauranter-gudvangen\/gudvangen-sjomatrestaurant\/\">\n\t\t\t\t<div class=\"elementor-element elementor-element-13df5be elementor-widget elementor-widget-kinsley-section-heading-two\" data-id=\"13df5be\" data-element_type=\"widget\" data-widget_type=\"kinsley-section-heading-two.default\">\n\t\t\t\t<div class=\"elementor-widget-container\">\n\t\t\t\t\t\n\t\t\t\t<div class=\"knsl-subtitle-two knsl-mb-20\">\n\t\t\t<span >\n\t\t\t\tFresh seafood\t\t\t<\/span>\n\t\t<\/div>\n\t\t\t\t\t\t<h2 class=\"knsl-title-two knsl-mb-30\">\n\t\t\t<span >\n\t\t\t\tGudvangen Seafood Restaurant\t\t\t<\/span>\n\t\t<\/h2>\n\t\t\t\t\n\t\t\t\t\t\t<\/div>\n\t\t\t\t<\/div>\n\t\t\t\t<div class=\"elementor-element elementor-element-a6e702c elementor-widget elementor-widget-kinsley-section-heading-two\" data-id=\"a6e702c\" data-element_type=\"widget\" data-widget_type=\"kinsley-section-heading-two.default\">\n\t\t\t\t<div class=\"elementor-widget-container\">\n\t\t\t\t\t\n\t\t\t\t\t\t<div class=\"knsl-title-two knsl-mb-30\">\n\t\t\t<span >\n\t\t\t\tRead more\t\t\t<\/span>\n\t\t<\/div>\n\t\t\t\t\n\t\t\t\t\t\t<\/div>\n\t\t\t\t<\/div>\n\t\t\t\t<\/a>\n\t\t<a class=\"elementor-element elementor-element-fa35489 e-con-full e-flex e-con e-child\" data-id=\"fa35489\" data-element_type=\"container\" data-settings=\"{&quot;background_background&quot;:&quot;classic&quot;}\" href=\"\/en\/restaurant\/restauranter-gudvangen\/gudvangen-fjordtell-cafeteria\/\">\n\t\t\t\t<div class=\"elementor-element elementor-element-b9f35bc elementor-widget elementor-widget-kinsley-section-heading-two\" data-id=\"b9f35bc\" data-element_type=\"widget\" data-widget_type=\"kinsley-section-heading-two.default\">\n\t\t\t\t<div class=\"elementor-widget-container\">\n\t\t\t\t\t\n\t\t\t\t<div class=\"knsl-subtitle-two knsl-mb-20\">\n\t\t\t<span >\n\t\t\t\tLunch caf\u00e9\t\t\t<\/span>\n\t\t<\/div>\n\t\t\t\t\t\t<h2 class=\"knsl-title-two knsl-mb-30\">\n\t\t\t<span >\n\t\t\t\tGudvangen Fjordtell cafeteria\t\t\t<\/span>\n\t\t<\/h2>\n\t\t\t\t\n\t\t\t\t\t\t<\/div>\n\t\t\t\t<\/div>\n\t\t\t\t<div class=\"elementor-element elementor-element-f67e0b6 elementor-widget elementor-widget-kinsley-section-heading-two\" data-id=\"f67e0b6\" data-element_type=\"widget\" data-widget_type=\"kinsley-section-heading-two.default\">\n\t\t\t\t<div class=\"elementor-widget-container\">\n\t\t\t\t\t\n\t\t\t\t\t\t<div class=\"knsl-title-two knsl-mb-30\">\n\t\t\t<span >\n\t\t\t\tRead more\t\t\t<\/span>\n\t\t<\/div>\n\t\t\t\t\n\t\t\t\t\t\t<\/div>\n\t\t\t\t<\/div>\n\t\t\t\t<\/a>\n\t\t<a class=\"elementor-element elementor-element-0fc9268 e-con-full e-flex e-con e-child\" data-id=\"0fc9268\" data-element_type=\"container\" data-settings=\"{&quot;background_background&quot;:&quot;classic&quot;}\" href=\"\/en\/restaurant\/restauranter-gudvangen\/viking-veikro-gudvangen\/\">\n\t\t\t\t<div class=\"elementor-element elementor-element-6847112 elementor-widget elementor-widget-kinsley-section-heading-two\" data-id=\"6847112\" data-element_type=\"widget\" data-widget_type=\"kinsley-section-heading-two.default\">\n\t\t\t\t<div class=\"elementor-widget-container\">\n\t\t\t\t\t\n\t\t\t\t<div class=\"knsl-subtitle-two knsl-mb-20\">\n\t\t\t<span >\n\t\t\t\tTraditional Norwegian food\t\t\t<\/span>\n\t\t<\/div>\n\t\t\t\t\t\t<h2 class=\"knsl-title-two knsl-mb-30\">\n\t\t\t<span >\n\t\t\t\tViking Veikro Gudvangen\t\t\t<\/span>\n\t\t<\/h2>\n\t\t\t\t\n\t\t\t\t\t\t<\/div>\n\t\t\t\t<\/div>\n\t\t\t\t<div class=\"elementor-element elementor-element-6098e80 elementor-widget elementor-widget-kinsley-section-heading-two\" data-id=\"6098e80\" data-element_type=\"widget\" data-widget_type=\"kinsley-section-heading-two.default\">\n\t\t\t\t<div class=\"elementor-widget-container\">\n\t\t\t\t\t\n\t\t\t\t\t\t<div class=\"knsl-title-two knsl-mb-30\">\n\t\t\t<span >\n\t\t\t\tRead more\t\t\t<\/span>\n\t\t<\/div>\n\t\t\t\t\n\t\t\t\t\t\t<\/div>\n\t\t\t\t<\/div>\n\t\t\t\t<\/a>\n\t\t<a class=\"elementor-element elementor-element-57845ab e-con-full e-flex e-con e-child\" data-id=\"57845ab\" data-element_type=\"container\" data-settings=\"{&quot;background_background&quot;:&quot;classic&quot;}\" href=\"\/en\/restaurant\/restauranter-gudvangen\/cafe-gudvangen\/\">\n\t\t\t\t<div class=\"elementor-element elementor-element-a6f8a32 elementor-widget elementor-widget-kinsley-section-heading-two\" data-id=\"a6f8a32\" data-element_type=\"widget\" data-widget_type=\"kinsley-section-heading-two.default\">\n\t\t\t\t<div class=\"elementor-widget-container\">\n\t\t\t\t\t\n\t\t\t\t<div class=\"knsl-subtitle-two knsl-mb-20\">\n\t\t\t<span >\n\t\t\t\tBakery, pizza and caf\u00e9\t\t\t<\/span>\n\t\t<\/div>\n\t\t\t\t\t\t<h2 class=\"knsl-title-two knsl-mb-30\">\n\t\t\t<span >\n\t\t\t\tCaf\u00e9 Gudvangen\t\t\t<\/span>\n\t\t<\/h2>\n\t\t\t\t\n\t\t\t\t\t\t<\/div>\n\t\t\t\t<\/div>\n\t\t\t\t<div class=\"elementor-element elementor-element-e01cfa2 elementor-widget elementor-widget-kinsley-section-heading-two\" data-id=\"e01cfa2\" data-element_type=\"widget\" data-widget_type=\"kinsley-section-heading-two.default\">\n\t\t\t\t<div class=\"elementor-widget-container\">\n\t\t\t\t\t\n\t\t\t\t\t\t<div class=\"knsl-title-two knsl-mb-30\">\n\t\t\t<span >\n\t\t\t\tRead more\t\t\t<\/span>\n\t\t<\/div>\n\t\t\t\t\n\t\t\t\t\t\t<\/div>\n\t\t\t\t<\/div>\n\t\t\t\t<\/a>\n\t\t<a class=\"elementor-element elementor-element-375d06e e-con-full e-flex e-con e-child\" data-id=\"375d06e\" data-element_type=\"container\" data-settings=\"{&quot;background_background&quot;:&quot;classic&quot;}\" href=\"\/en\/restaurant\/restauranter-gudvangen\/buffet-restaurant\/\">\n\t\t\t\t<div class=\"elementor-element elementor-element-5afe6b1 elementor-widget elementor-widget-kinsley-section-heading-two\" data-id=\"5afe6b1\" data-element_type=\"widget\" data-widget_type=\"kinsley-section-heading-two.default\">\n\t\t\t\t<div class=\"elementor-widget-container\">\n\t\t\t\t\t\n\t\t\t\t<div class=\"knsl-subtitle-two knsl-mb-20\">\n\t\t\t<span >\n\t\t\t\tDinner- and dessert buffet\t\t\t<\/span>\n\t\t<\/div>\n\t\t\t\t\t\t<h2 class=\"knsl-title-two knsl-mb-30\">\n\t\t\t<span >\n\t\t\t\tBuffet Restaurant\t\t\t<\/span>\n\t\t<\/h2>\n\t\t\t\t\n\t\t\t\t\t\t<\/div>\n\t\t\t\t<\/div>\n\t\t\t\t<div class=\"elementor-element elementor-element-cfb3194 elementor-widget elementor-widget-kinsley-section-heading-two\" data-id=\"cfb3194\" data-element_type=\"widget\" data-widget_type=\"kinsley-section-heading-two.default\">\n\t\t\t\t<div class=\"elementor-widget-container\">\n\t\t\t\t\t\n\t\t\t\t\t\t<div class=\"knsl-title-two knsl-mb-30\">\n\t\t\t<span >\n\t\t\t\tRead more\t\t\t<\/span>\n\t\t<\/div>\n\t\t\t\t\n\t\t\t\t\t\t<\/div>\n\t\t\t\t<\/div>\n\t\t\t\t<\/a>\n\t\t\t\t<\/div>\n\t\t\t\t\t<\/div>\n\t\t\t\t<\/div>\n\t\t\t\t<\/div>\n\t\t\t\t\t<\/div>\n\t\t\t\t<\/div>\n\t\t\t\t<\/div>","protected":false},"excerpt":{"rendered":"<p>Utforsk Gudvangen Opplev Gudvangens restauranter Book overnatting Ferske r\u00e5varer Mat opplevelser p\u00e5 Gudvangen Fjordtell Gudvangen Fjordtell er stolt av \u00e5&#8230; <span class=\"knsl-el-more\"><a href=\"https:\/\/gudvangenfjordtell.hornstaging.no\/en\/restaurant\/\" class=\"knsl-btn\">Read more<span class=\"screen-reader-text\">Read more&nbsp;Restaurant<\/span><\/a><\/span><\/p>","protected":false},"author":1,"featured_media":0,"parent":0,"menu_order":0,"comment_status":"closed","ping_status":"closed","template":"template-layout-builder.php","meta":{"footnotes":""},"class_list":["post-510","page","type-page","status-publish","hentry"],"acf":[],"_links":{"self":[{"href":"https:\/\/gudvangenfjordtell.hornstaging.no\/en\/wp-json\/wp\/v2\/pages\/510","targetHints":{"allow":["GET"]}}],"collection":[{"href":"https:\/\/gudvangenfjordtell.hornstaging.no\/en\/wp-json\/wp\/v2\/pages"}],"about":[{"href":"https:\/\/gudvangenfjordtell.hornstaging.no\/en\/wp-json\/wp\/v2\/types\/page"}],"author":[{"embeddable":true,"href":"https:\/\/gudvangenfjordtell.hornstaging.no\/en\/wp-json\/wp\/v2\/users\/1"}],"replies":[{"embeddable":true,"href":"https:\/\/gudvangenfjordtell.hornstaging.no\/en\/wp-json\/wp\/v2\/comments?post=510"}],"version-history":[{"count":52,"href":"https:\/\/gudvangenfjordtell.hornstaging.no\/en\/wp-json\/wp\/v2\/pages\/510\/revisions"}],"predecessor-version":[{"id":11396,"href":"https:\/\/gudvangenfjordtell.hornstaging.no\/en\/wp-json\/wp\/v2\/pages\/510\/revisions\/11396"}],"wp:attachment":[{"href":"https:\/\/gudvangenfjordtell.hornstaging.no\/en\/wp-json\/wp\/v2\/media?parent=510"}],"curies":[{"name":"wp","href":"https:\/\/api.w.org\/{rel}","templated":true}]}}