{"id":11271,"date":"2024-10-10T15:09:44","date_gmt":"2024-10-10T13:09:44","guid":{"rendered":"https:\/\/gudvangenfjordtell.hornmedia.no\/?page_id=11271"},"modified":"2024-10-10T15:22:59","modified_gmt":"2024-10-10T13:22:59","slug":"gudvangen-a-la-carte-restaurant","status":"publish","type":"page","link":"https:\/\/gudvangenfjordtell.hornstaging.no\/en\/restaurant\/restauranter-gudvangen\/gudvangen-a-la-carte-restaurant\/","title":{"rendered":"Gudvangen \u00c0 la carte restaurant"},"content":{"rendered":"<div data-elementor-type=\"wp-page\" data-elementor-id=\"11271\" class=\"elementor elementor-11271\" data-elementor-post-type=\"page\">\n\t\t\t\t<div class=\"elementor-element elementor-element-cf43d68 e-flex e-con-boxed e-con e-parent\" data-id=\"cf43d68\" data-element_type=\"container\" data-settings=\"{&quot;background_background&quot;:&quot;classic&quot;}\">\n\t\t\t\t\t<div class=\"e-con-inner\">\n\t\t<div class=\"elementor-element elementor-element-f3c8e0d e-con-full e-flex e-con e-child\" data-id=\"f3c8e0d\" data-element_type=\"container\">\n\t\t\t\t<div class=\"elementor-element elementor-element-69f230a elementor-widget elementor-widget-kinsley-section-heading-two\" data-id=\"69f230a\" data-element_type=\"widget\" data-widget_type=\"kinsley-section-heading-two.default\">\n\t\t\t\t<div class=\"elementor-widget-container\">\n\t\t\t\t\t\n\t\t\t\t<div class=\"knsl-subtitle-two knsl-mb-20\">\n\t\t\t<span >\n\t\t\t\tKongshallen\t\t\t<\/span>\n\t\t<\/div>\n\t\t\t\t\t\t<h2 class=\"knsl-title-two knsl-mb-30\">\n\t\t\t<span >\n\t\t\t\tGudvangen \u00c0 la carte restaurant\t\t\t<\/span>\n\t\t<\/h2>\n\t\t\t\t\n\t\t\t\t\t\t<\/div>\n\t\t\t\t<\/div>\n\t\t<div class=\"elementor-element elementor-element-8978cd0 e-con-full e-flex e-con e-child\" data-id=\"8978cd0\" data-element_type=\"container\">\n\t\t\t\t<div class=\"elementor-element elementor-element-35889c6 elementor-widget elementor-widget-kinsley-buttons\" data-id=\"35889c6\" data-element_type=\"widget\" data-widget_type=\"kinsley-buttons.default\">\n\t\t\t\t<div class=\"elementor-widget-container\">\n\t\t\t\t\t\n        <!-- action button -->\n        <a  href=\"#\" class=\"knsl-btn knsl-btn-md\">\n                        <span >\n            See menu            <\/span>\n        <\/a>\n        <!-- action button end -->\n\n\t\t\t\t\t\t<\/div>\n\t\t\t\t<\/div>\n\t\t\t\t<\/div>\n\t\t\t\t<\/div>\n\t\t\t\t\t<\/div>\n\t\t\t\t<\/div>\n\t\t<div class=\"elementor-element elementor-element-2f5b942 e-flex e-con-boxed e-con e-child\" data-id=\"2f5b942\" data-element_type=\"container\">\n\t\t\t\t\t<div class=\"e-con-inner\">\n\t\t<div class=\"elementor-element elementor-element-f3412e7 e-con-full e-flex e-con e-child\" data-id=\"f3412e7\" data-element_type=\"container\">\n\t\t\t\t<div class=\"elementor-element elementor-element-636a997 elementor-widget elementor-widget-kinsley-section-heading-two\" data-id=\"636a997\" data-element_type=\"widget\" data-widget_type=\"kinsley-section-heading-two.default\">\n\t\t\t\t<div class=\"elementor-widget-container\">\n\t\t\t\t\t\n\t\t\t\t\t\t<h2 class=\"knsl-title-two knsl-mb-30\">\n\t\t\t<span >\n\t\t\t\tEnjoy a flavorful experience at our <strong><em>\u00e1 la carte<\/em><\/strong> restaurant\t\t\t<\/span>\n\t\t<\/h2>\n\t\t\t\t\t\t<div class=\"knsl-description-two\">\n\t\t\t<div >\n\t\t\t\tExperience fresh ingredients of the highest quality. Choose from a wide selection of appetizers, main courses, and desserts. \t\t\t<\/div>\n\t\t<\/div>\n\t\t\n\t\t\t\t\t\t<\/div>\n\t\t\t\t<\/div>\n\t\t\t\t<div class=\"elementor-element elementor-element-3c5ee35 elementor-widget elementor-widget-text-editor\" data-id=\"3c5ee35\" data-element_type=\"widget\" data-widget_type=\"text-editor.default\">\n\t\t\t\t<div class=\"elementor-widget-container\">\n\t\t\t\t\t\t\t\t\t<p>Our restaurant is dedicated to providing you with the freshest and most delicious culinary experience. We use only the finest quality ingredients to ensure that every bite is filled with rich flavors and delightful aromas. With a wide range of appetizers and desserts from the buffet, as well as main courses from the menu, you can mix and match to create your perfect meal. Whether you're looking for a light starter, a juicy main course, or a sweet ending, you'll find something to suit every taste and occasion.<\/p><p>Our \u00e0 la carte restaurant is open from 7:00 PM to 9:30 PM, and we warmly welcome you to enjoy an unforgettable meal in an atmosphere that combines great food with friendly service and pleasant surroundings.<\/p>\t\t\t\t\t\t\t\t<\/div>\n\t\t\t\t<\/div>\n\t\t\t\t<\/div>\n\t\t<div class=\"elementor-element elementor-element-749e745 e-con-full e-flex e-con e-child\" data-id=\"749e745\" data-element_type=\"container\">\n\t\t<div class=\"elementor-element elementor-element-30415cf e-con-full e-flex e-con e-child\" data-id=\"30415cf\" data-element_type=\"container\">\n\t\t\t\t<div class=\"elementor-element elementor-element-62ab5e4 elementor-widget elementor-widget-kinsley-section-heading-two\" data-id=\"62ab5e4\" data-element_type=\"widget\" data-widget_type=\"kinsley-section-heading-two.default\">\n\t\t\t\t<div class=\"elementor-widget-container\">\n\t\t\t\t\t\n\t\t\t\t\t\t<h2 class=\"knsl-title-two knsl-mb-30\">\n\t\t\t<span >\n\t\t\t\tRestaurant information\t\t\t<\/span>\n\t\t<\/h2>\n\t\t\t\t\n\t\t\t\t\t\t<\/div>\n\t\t\t\t<\/div>\n\t\t\t\t<div class=\"elementor-element elementor-element-d14b7ca elementor-widget elementor-widget-kinsley-section-heading-two\" data-id=\"d14b7ca\" data-element_type=\"widget\" data-widget_type=\"kinsley-section-heading-two.default\">\n\t\t\t\t<div class=\"elementor-widget-container\">\n\t\t\t\t\t\n\t\t\t\t\t\t<h3 class=\"knsl-title-two knsl-mb-30\">\n\t\t\t<span >\n\t\t\t\tOpening hours\t\t\t<\/span>\n\t\t<\/h3>\n\t\t\t\t\n\t\t\t\t\t\t<\/div>\n\t\t\t\t<\/div>\n\t\t\t\t<div class=\"elementor-element elementor-element-d1f34f0 elementor-widget elementor-widget-text-editor\" data-id=\"d1f34f0\" data-element_type=\"widget\" data-widget_type=\"text-editor.default\">\n\t\t\t\t<div class=\"elementor-widget-container\">\n\t\t\t\t\t\t\t\t\t<p>Man-s\u00f8n: 19:00-21:30<\/p>\t\t\t\t\t\t\t\t<\/div>\n\t\t\t\t<\/div>\n\t\t\t\t<div class=\"elementor-element elementor-element-0f9c7c4 elementor-widget elementor-widget-button\" data-id=\"0f9c7c4\" data-element_type=\"widget\" data-widget_type=\"button.default\">\n\t\t\t\t<div class=\"elementor-widget-container\">\n\t\t\t\t\t\t\t\t\t<div class=\"elementor-button-wrapper\">\n\t\t\t\t\t<a class=\"elementor-button elementor-button-link elementor-size-sm\" href=\"#\">\n\t\t\t\t\t\t<span class=\"elementor-button-content-wrapper\">\n\t\t\t\t\t\t<span class=\"elementor-button-icon\">\n\t\t\t\t<svg aria-hidden=\"true\" class=\"e-font-icon-svg e-fas-long-arrow-alt-right\" viewbox=\"0 0 448 512\" xmlns=\"http:\/\/www.w3.org\/2000\/svg\"><path d=\"M313.941 216H12c-6.627 0-12 5.373-12 12v56c0 6.627 5.373 12 12 12h301.941v46.059c0 21.382 25.851 32.09 40.971 16.971l86.059-86.059c9.373-9.373 9.373-24.569 0-33.941l-86.059-86.059c-15.119-15.119-40.971-4.411-40.971 16.971V216z\"><\/path><\/svg>\t\t\t<\/span>\n\t\t\t\t\t\t\t\t\t<span class=\"elementor-button-text\">Our menu<\/span>\n\t\t\t\t\t<\/span>\n\t\t\t\t\t<\/a>\n\t\t\t\t<\/div>\n\t\t\t\t\t\t\t\t<\/div>\n\t\t\t\t<\/div>\n\t\t\t\t<\/div>\n\t\t\t\t<\/div>\n\t\t\t\t\t<\/div>\n\t\t\t\t<\/div>\n\t\t\t\t<\/div>","protected":false},"excerpt":{"rendered":"<p>Kongshallen Gudvangen \u00c0 la carte restaurant Se meny Nyt en smakfull opplevelse p\u00e5 v\u00e5r \u00e1 la carte restaurant Opplev ferske&#8230; <span class=\"knsl-el-more\"><a href=\"https:\/\/gudvangenfjordtell.hornstaging.no\/en\/restaurant\/restauranter-gudvangen\/gudvangen-a-la-carte-restaurant\/\" class=\"knsl-btn\">Read more<span class=\"screen-reader-text\">Read more&nbsp;Gudvangen \u00c0 la carte restaurant<\/span><\/a><\/span><\/p>","protected":false},"author":1,"featured_media":0,"parent":11269,"menu_order":0,"comment_status":"closed","ping_status":"closed","template":"elementor_header_footer","meta":{"footnotes":""},"class_list":["post-11271","page","type-page","status-publish","hentry"],"acf":[],"_links":{"self":[{"href":"https:\/\/gudvangenfjordtell.hornstaging.no\/en\/wp-json\/wp\/v2\/pages\/11271","targetHints":{"allow":["GET"]}}],"collection":[{"href":"https:\/\/gudvangenfjordtell.hornstaging.no\/en\/wp-json\/wp\/v2\/pages"}],"about":[{"href":"https:\/\/gudvangenfjordtell.hornstaging.no\/en\/wp-json\/wp\/v2\/types\/page"}],"author":[{"embeddable":true,"href":"https:\/\/gudvangenfjordtell.hornstaging.no\/en\/wp-json\/wp\/v2\/users\/1"}],"replies":[{"embeddable":true,"href":"https:\/\/gudvangenfjordtell.hornstaging.no\/en\/wp-json\/wp\/v2\/comments?post=11271"}],"version-history":[{"count":16,"href":"https:\/\/gudvangenfjordtell.hornstaging.no\/en\/wp-json\/wp\/v2\/pages\/11271\/revisions"}],"predecessor-version":[{"id":11340,"href":"https:\/\/gudvangenfjordtell.hornstaging.no\/en\/wp-json\/wp\/v2\/pages\/11271\/revisions\/11340"}],"up":[{"embeddable":true,"href":"https:\/\/gudvangenfjordtell.hornstaging.no\/en\/wp-json\/wp\/v2\/pages\/11269"}],"wp:attachment":[{"href":"https:\/\/gudvangenfjordtell.hornstaging.no\/en\/wp-json\/wp\/v2\/media?parent=11271"}],"curies":[{"name":"wp","href":"https:\/\/api.w.org\/{rel}","templated":true}]}}