{"id":11270,"date":"2024-10-10T15:10:29","date_gmt":"2024-10-10T13:10:29","guid":{"rendered":"https:\/\/gudvangenfjordtell.hornmedia.no\/?page_id=11270"},"modified":"2024-10-10T15:26:55","modified_gmt":"2024-10-10T13:26:55","slug":"gudvangen-sjomatrestaurant","status":"publish","type":"page","link":"https:\/\/gudvangenfjordtell.hornstaging.no\/en\/restaurant\/restauranter-gudvangen\/gudvangen-sjomatrestaurant\/","title":{"rendered":"Gudvangen Seafood Restaurant"},"content":{"rendered":"<div data-elementor-type=\"wp-page\" data-elementor-id=\"11270\" class=\"elementor elementor-11270\" data-elementor-post-type=\"page\">\n\t\t\t\t<div class=\"elementor-element elementor-element-cf43d68 e-flex e-con-boxed e-con e-parent\" data-id=\"cf43d68\" data-element_type=\"container\" data-settings=\"{&quot;background_background&quot;:&quot;classic&quot;}\">\n\t\t\t\t\t<div class=\"e-con-inner\">\n\t\t<div class=\"elementor-element elementor-element-f3c8e0d e-con-full e-flex e-con e-child\" data-id=\"f3c8e0d\" data-element_type=\"container\">\n\t\t\t\t<div class=\"elementor-element elementor-element-69f230a elementor-widget elementor-widget-kinsley-section-heading-two\" data-id=\"69f230a\" data-element_type=\"widget\" data-widget_type=\"kinsley-section-heading-two.default\">\n\t\t\t\t<div class=\"elementor-widget-container\">\n\t\t\t\t\t\n\t\t\t\t<div class=\"knsl-subtitle-two knsl-mb-20\">\n\t\t\t<span >\n\t\t\t\tFresh seafood\t\t\t<\/span>\n\t\t<\/div>\n\t\t\t\t\t\t<h2 class=\"knsl-title-two knsl-mb-30\">\n\t\t\t<span >\n\t\t\t\tGudvangen Seafood Restaurant\t\t\t<\/span>\n\t\t<\/h2>\n\t\t\t\t\n\t\t\t\t\t\t<\/div>\n\t\t\t\t<\/div>\n\t\t<div class=\"elementor-element elementor-element-141b1b1 e-con-full e-flex e-con e-child\" data-id=\"141b1b1\" data-element_type=\"container\">\n\t\t\t\t<div class=\"elementor-element elementor-element-b992ecc elementor-widget elementor-widget-kinsley-buttons\" data-id=\"b992ecc\" data-element_type=\"widget\" data-widget_type=\"kinsley-buttons.default\">\n\t\t\t\t<div class=\"elementor-widget-container\">\n\t\t\t\t\t\n        <!-- action button -->\n        <a  href=\"#\" class=\"knsl-btn knsl-btn-md\">\n                        <span >\n            See menu            <\/span>\n        <\/a>\n        <!-- action button end -->\n\n\t\t\t\t\t\t<\/div>\n\t\t\t\t<\/div>\n\t\t\t\t<\/div>\n\t\t\t\t<\/div>\n\t\t\t\t\t<\/div>\n\t\t\t\t<\/div>\n\t\t<div class=\"elementor-element elementor-element-8ef8e72 e-flex e-con-boxed e-con e-child\" data-id=\"8ef8e72\" data-element_type=\"container\">\n\t\t\t\t\t<div class=\"e-con-inner\">\n\t\t<div class=\"elementor-element elementor-element-4b56c0f e-con-full e-flex e-con e-child\" data-id=\"4b56c0f\" data-element_type=\"container\">\n\t\t\t\t<div class=\"elementor-element elementor-element-68614d5 elementor-widget elementor-widget-kinsley-section-heading-two\" data-id=\"68614d5\" data-element_type=\"widget\" data-widget_type=\"kinsley-section-heading-two.default\">\n\t\t\t\t<div class=\"elementor-widget-container\">\n\t\t\t\t\t\n\t\t\t\t\t\t<h2 class=\"knsl-title-two knsl-mb-30\">\n\t\t\t<span >\n\t\t\t\tSeafood experience by <strong><em>by the fjord<\/em><\/strong>\t\t\t<\/span>\n\t\t<\/h2>\n\t\t\t\t\t\t<div class=\"knsl-description-two\">\n\t\t\t<div >\n\t\t\t\tEnjoy fresh seafood in a heated glass pavilion with views of the fjord. Traditional dishes and shareable seafood platters. Reopens in May 2025.\t\t\t<\/div>\n\t\t<\/div>\n\t\t\n\t\t\t\t\t\t<\/div>\n\t\t\t\t<\/div>\n\t\t\t\t<div class=\"elementor-element elementor-element-6759d68 elementor-widget elementor-widget-text-editor\" data-id=\"6759d68\" data-element_type=\"widget\" data-widget_type=\"text-editor.default\">\n\t\t\t\t<div class=\"elementor-widget-container\">\n\t\t\t\t\t\t\t\t\t<p>Gudvangen Seafood Restaurant is located right by the fjord, under a heated glass pavilion, with spectacular views of the fjord, mountains, and passing boats.<\/p><p>We use innovative culinary techniques and a genuine passion for seafood to highlight the amazing flavors of the ocean\u2019s delicacies.<\/p><p>From traditional fish soup and steamed mussels to our signature seafood platter \u2013 perfect for sharing with good friends or family.<\/p><p><strong>The seafood restaurant is closed for the season and will reopen in May 2025.<\/strong><\/p><p>When you visit us during the season, you\u2019ll experience exquisite seafood combined with breathtaking nature, all served in a unique setting where the beauty of nature meets culinary perfection. We look forward to welcoming you back for new flavor experiences!<\/p>\t\t\t\t\t\t\t\t<\/div>\n\t\t\t\t<\/div>\n\t\t\t\t<\/div>\n\t\t<div class=\"elementor-element elementor-element-e57db1d e-con-full e-flex e-con e-child\" data-id=\"e57db1d\" data-element_type=\"container\">\n\t\t<div class=\"elementor-element elementor-element-d2bc2aa e-con-full e-flex e-con e-child\" data-id=\"d2bc2aa\" data-element_type=\"container\">\n\t\t\t\t<div class=\"elementor-element elementor-element-5da60cd elementor-widget elementor-widget-kinsley-section-heading-two\" data-id=\"5da60cd\" data-element_type=\"widget\" data-widget_type=\"kinsley-section-heading-two.default\">\n\t\t\t\t<div class=\"elementor-widget-container\">\n\t\t\t\t\t\n\t\t\t\t\t\t<h2 class=\"knsl-title-two knsl-mb-30\">\n\t\t\t<span >\n\t\t\t\tRestaurant information\t\t\t<\/span>\n\t\t<\/h2>\n\t\t\t\t\n\t\t\t\t\t\t<\/div>\n\t\t\t\t<\/div>\n\t\t\t\t<div class=\"elementor-element elementor-element-10d35b3 elementor-widget elementor-widget-kinsley-section-heading-two\" data-id=\"10d35b3\" data-element_type=\"widget\" data-widget_type=\"kinsley-section-heading-two.default\">\n\t\t\t\t<div class=\"elementor-widget-container\">\n\t\t\t\t\t\n\t\t\t\t\t\t<h3 class=\"knsl-title-two knsl-mb-30\">\n\t\t\t<span >\n\t\t\t\tOpening hours\t\t\t<\/span>\n\t\t<\/h3>\n\t\t\t\t\n\t\t\t\t\t\t<\/div>\n\t\t\t\t<\/div>\n\t\t\t\t<div class=\"elementor-element elementor-element-bcd1f9e elementor-widget elementor-widget-text-editor\" data-id=\"bcd1f9e\" data-element_type=\"widget\" data-widget_type=\"text-editor.default\">\n\t\t\t\t<div class=\"elementor-widget-container\">\n\t\t\t\t\t\t\t\t\t<p>STENGT FREM TIL MAI 2025<\/p>\t\t\t\t\t\t\t\t<\/div>\n\t\t\t\t<\/div>\n\t\t\t\t<div class=\"elementor-element elementor-element-2a86850 elementor-widget elementor-widget-button\" data-id=\"2a86850\" data-element_type=\"widget\" data-widget_type=\"button.default\">\n\t\t\t\t<div class=\"elementor-widget-container\">\n\t\t\t\t\t\t\t\t\t<div class=\"elementor-button-wrapper\">\n\t\t\t\t\t<a class=\"elementor-button elementor-button-link elementor-size-sm\" href=\"#\">\n\t\t\t\t\t\t<span class=\"elementor-button-content-wrapper\">\n\t\t\t\t\t\t<span class=\"elementor-button-icon\">\n\t\t\t\t<svg aria-hidden=\"true\" class=\"e-font-icon-svg e-fas-long-arrow-alt-right\" viewbox=\"0 0 448 512\" xmlns=\"http:\/\/www.w3.org\/2000\/svg\"><path d=\"M313.941 216H12c-6.627 0-12 5.373-12 12v56c0 6.627 5.373 12 12 12h301.941v46.059c0 21.382 25.851 32.09 40.971 16.971l86.059-86.059c9.373-9.373 9.373-24.569 0-33.941l-86.059-86.059c-15.119-15.119-40.971-4.411-40.971 16.971V216z\"><\/path><\/svg>\t\t\t<\/span>\n\t\t\t\t\t\t\t\t\t<span class=\"elementor-button-text\">Our menu<\/span>\n\t\t\t\t\t<\/span>\n\t\t\t\t\t<\/a>\n\t\t\t\t<\/div>\n\t\t\t\t\t\t\t\t<\/div>\n\t\t\t\t<\/div>\n\t\t\t\t<\/div>\n\t\t\t\t<\/div>\n\t\t\t\t\t<\/div>\n\t\t\t\t<\/div>\n\t\t\t\t<\/div>","protected":false},"excerpt":{"rendered":"<p>Fersk sj\u00f8mat Gudvangen sj\u00f8matrestaurant Se meny Sj\u00f8matopplevelse ved fjorden Nyt fersk sj\u00f8mat i en oppvarmet glasspaviljong med utsikt over fjorden&#8230;. <span class=\"knsl-el-more\"><a href=\"https:\/\/gudvangenfjordtell.hornstaging.no\/en\/restaurant\/restauranter-gudvangen\/gudvangen-sjomatrestaurant\/\" class=\"knsl-btn\">Read more<span class=\"screen-reader-text\">Read more&nbsp;Gudvangen sj\u00f8matrestaurant<\/span><\/a><\/span><\/p>","protected":false},"author":1,"featured_media":0,"parent":11269,"menu_order":0,"comment_status":"closed","ping_status":"closed","template":"elementor_header_footer","meta":{"footnotes":""},"class_list":["post-11270","page","type-page","status-publish","hentry"],"acf":[],"_links":{"self":[{"href":"https:\/\/gudvangenfjordtell.hornstaging.no\/en\/wp-json\/wp\/v2\/pages\/11270","targetHints":{"allow":["GET"]}}],"collection":[{"href":"https:\/\/gudvangenfjordtell.hornstaging.no\/en\/wp-json\/wp\/v2\/pages"}],"about":[{"href":"https:\/\/gudvangenfjordtell.hornstaging.no\/en\/wp-json\/wp\/v2\/types\/page"}],"author":[{"embeddable":true,"href":"https:\/\/gudvangenfjordtell.hornstaging.no\/en\/wp-json\/wp\/v2\/users\/1"}],"replies":[{"embeddable":true,"href":"https:\/\/gudvangenfjordtell.hornstaging.no\/en\/wp-json\/wp\/v2\/comments?post=11270"}],"version-history":[{"count":16,"href":"https:\/\/gudvangenfjordtell.hornstaging.no\/en\/wp-json\/wp\/v2\/pages\/11270\/revisions"}],"predecessor-version":[{"id":11356,"href":"https:\/\/gudvangenfjordtell.hornstaging.no\/en\/wp-json\/wp\/v2\/pages\/11270\/revisions\/11356"}],"up":[{"embeddable":true,"href":"https:\/\/gudvangenfjordtell.hornstaging.no\/en\/wp-json\/wp\/v2\/pages\/11269"}],"wp:attachment":[{"href":"https:\/\/gudvangenfjordtell.hornstaging.no\/en\/wp-json\/wp\/v2\/media?parent=11270"}],"curies":[{"name":"wp","href":"https:\/\/api.w.org\/{rel}","templated":true}]}}