{"id":11269,"date":"2024-10-10T15:01:11","date_gmt":"2024-10-10T13:01:11","guid":{"rendered":"https:\/\/gudvangenfjordtell.hornmedia.no\/?page_id=11269"},"modified":"2024-10-10T15:14:45","modified_gmt":"2024-10-10T13:14:45","slug":"restauranter-gudvangen","status":"publish","type":"page","link":"https:\/\/gudvangenfjordtell.hornstaging.no\/en\/restaurant\/restauranter-gudvangen\/","title":{"rendered":"Restauranter Gudvangen"},"content":{"rendered":"<div data-elementor-type=\"wp-page\" data-elementor-id=\"11269\" class=\"elementor elementor-11269\" data-elementor-post-type=\"page\">\n\t\t\t\t<div class=\"elementor-element elementor-element-8d6daca e-flex e-con-boxed e-con e-parent\" data-id=\"8d6daca\" data-element_type=\"container\" data-settings=\"{&quot;background_background&quot;:&quot;classic&quot;}\">\n\t\t\t\t\t<div class=\"e-con-inner\">\n\t\t<div class=\"elementor-element elementor-element-db9bf7f e-con-full e-flex e-con e-child\" data-id=\"db9bf7f\" data-element_type=\"container\">\n\t\t\t\t<div class=\"elementor-element elementor-element-5b5c6a1 elementor-widget elementor-widget-kinsley-section-heading-two\" data-id=\"5b5c6a1\" data-element_type=\"widget\" data-widget_type=\"kinsley-section-heading-two.default\">\n\t\t\t\t<div class=\"elementor-widget-container\">\n\t\t\t\t\t\n\t\t\t\t<div class=\"knsl-subtitle-two knsl-mb-20\">\n\t\t\t<span >\n\t\t\t\tExplore Gudvangen\t\t\t<\/span>\n\t\t<\/div>\n\t\t\t\t\t\t<h2 class=\"knsl-title-two knsl-mb-30\">\n\t\t\t<span >\n\t\t\t\tOur restaurants <em><strong>Gudvangen<\/strong><\/em>\t\t\t<\/span>\n\t\t<\/h2>\n\t\t\t\t\n\t\t\t\t\t\t<\/div>\n\t\t\t\t<\/div>\n\t\t\t\t<div class=\"elementor-element elementor-element-94e802c elementor-widget elementor-widget-kinsley-buttons\" data-id=\"94e802c\" data-element_type=\"widget\" data-widget_type=\"kinsley-buttons.default\">\n\t\t\t\t<div class=\"elementor-widget-container\">\n\t\t\t\t\t\n        <!-- action button -->\n        <a  href=\"\" class=\"knsl-btn knsl-btn-md\">\n                        <span >\n            Book accommodation            <\/span>\n        <\/a>\n        <!-- action button end -->\n\n\t\t\t\t\t\t<\/div>\n\t\t\t\t<\/div>\n\t\t\t\t<\/div>\n\t\t\t\t\t<\/div>\n\t\t\t\t<\/div>\n\t\t<div class=\"elementor-element elementor-element-78fb916 e-flex e-con-boxed e-con e-child\" data-id=\"78fb916\" data-element_type=\"container\">\n\t\t\t\t\t<div class=\"e-con-inner\">\n\t\t<div class=\"elementor-element elementor-element-6bca0b3 e-con-full e-flex e-con e-child\" data-id=\"6bca0b3\" data-element_type=\"container\">\n\t\t<div class=\"elementor-element elementor-element-96b451f e-grid e-con-full e-con e-child\" data-id=\"96b451f\" data-element_type=\"container\">\n\t\t<a class=\"elementor-element elementor-element-aca8ecc e-con-full e-flex e-con e-child\" data-id=\"aca8ecc\" data-element_type=\"container\" data-settings=\"{&quot;background_background&quot;:&quot;classic&quot;}\" href=\"\/en\/restaurant\/restauranter-gudvangen\/gudvangen-a-la-carte-restaurant\/\">\n\t\t\t\t<div class=\"elementor-element elementor-element-017b2a7 elementor-widget elementor-widget-kinsley-section-heading-two\" data-id=\"017b2a7\" data-element_type=\"widget\" data-widget_type=\"kinsley-section-heading-two.default\">\n\t\t\t\t<div class=\"elementor-widget-container\">\n\t\t\t\t\t\n\t\t\t\t<div class=\"knsl-subtitle-two knsl-mb-20\">\n\t\t\t<span >\n\t\t\t\tKongshallen\t\t\t<\/span>\n\t\t<\/div>\n\t\t\t\t\t\t<h2 class=\"knsl-title-two knsl-mb-30\">\n\t\t\t<span >\n\t\t\t\tGudvangen \u00c0 la carte restaurant\t\t\t<\/span>\n\t\t<\/h2>\n\t\t\t\t\n\t\t\t\t\t\t<\/div>\n\t\t\t\t<\/div>\n\t\t\t\t<div class=\"elementor-element elementor-element-b347903 elementor-widget elementor-widget-kinsley-section-heading-two\" data-id=\"b347903\" data-element_type=\"widget\" data-widget_type=\"kinsley-section-heading-two.default\">\n\t\t\t\t<div class=\"elementor-widget-container\">\n\t\t\t\t\t\n\t\t\t\t\t\t<div class=\"knsl-title-two knsl-mb-30\">\n\t\t\t<span >\n\t\t\t\tRead more\t\t\t<\/span>\n\t\t<\/div>\n\t\t\t\t\n\t\t\t\t\t\t<\/div>\n\t\t\t\t<\/div>\n\t\t\t\t<\/a>\n\t\t<a class=\"elementor-element elementor-element-2078052 e-con-full e-flex e-con e-child\" data-id=\"2078052\" data-element_type=\"container\" data-settings=\"{&quot;background_background&quot;:&quot;classic&quot;}\" href=\"\/en\/restaurant\/restauranter-gudvangen\/gudvangen-sjomatrestaurant\/\">\n\t\t\t\t<div class=\"elementor-element elementor-element-56ef998 elementor-widget elementor-widget-kinsley-section-heading-two\" data-id=\"56ef998\" data-element_type=\"widget\" data-widget_type=\"kinsley-section-heading-two.default\">\n\t\t\t\t<div class=\"elementor-widget-container\">\n\t\t\t\t\t\n\t\t\t\t<div class=\"knsl-subtitle-two knsl-mb-20\">\n\t\t\t<span >\n\t\t\t\tFresh seafood\t\t\t<\/span>\n\t\t<\/div>\n\t\t\t\t\t\t<h2 class=\"knsl-title-two knsl-mb-30\">\n\t\t\t<span >\n\t\t\t\tGudvangen Seafood Restaurant\t\t\t<\/span>\n\t\t<\/h2>\n\t\t\t\t\n\t\t\t\t\t\t<\/div>\n\t\t\t\t<\/div>\n\t\t\t\t<div class=\"elementor-element elementor-element-92b9cbc elementor-widget elementor-widget-kinsley-section-heading-two\" data-id=\"92b9cbc\" data-element_type=\"widget\" data-widget_type=\"kinsley-section-heading-two.default\">\n\t\t\t\t<div class=\"elementor-widget-container\">\n\t\t\t\t\t\n\t\t\t\t\t\t<div class=\"knsl-title-two knsl-mb-30\">\n\t\t\t<span >\n\t\t\t\tRead more\t\t\t<\/span>\n\t\t<\/div>\n\t\t\t\t\n\t\t\t\t\t\t<\/div>\n\t\t\t\t<\/div>\n\t\t\t\t<\/a>\n\t\t<a class=\"elementor-element elementor-element-49c0731 e-con-full e-flex e-con e-child\" data-id=\"49c0731\" data-element_type=\"container\" data-settings=\"{&quot;background_background&quot;:&quot;classic&quot;}\" href=\"\/en\/restaurant\/restauranter-gudvangen\/gudvangen-fjordtell-cafeteria\/\">\n\t\t\t\t<div class=\"elementor-element elementor-element-5e5c6b0 elementor-widget elementor-widget-kinsley-section-heading-two\" data-id=\"5e5c6b0\" data-element_type=\"widget\" data-widget_type=\"kinsley-section-heading-two.default\">\n\t\t\t\t<div class=\"elementor-widget-container\">\n\t\t\t\t\t\n\t\t\t\t<div class=\"knsl-subtitle-two knsl-mb-20\">\n\t\t\t<span >\n\t\t\t\tLunch caf\u00e9\t\t\t<\/span>\n\t\t<\/div>\n\t\t\t\t\t\t<h2 class=\"knsl-title-two knsl-mb-30\">\n\t\t\t<span >\n\t\t\t\tGudvangen Fjordtell cafeteria\t\t\t<\/span>\n\t\t<\/h2>\n\t\t\t\t\n\t\t\t\t\t\t<\/div>\n\t\t\t\t<\/div>\n\t\t\t\t<div class=\"elementor-element elementor-element-cc0711b elementor-widget elementor-widget-kinsley-section-heading-two\" data-id=\"cc0711b\" data-element_type=\"widget\" data-widget_type=\"kinsley-section-heading-two.default\">\n\t\t\t\t<div class=\"elementor-widget-container\">\n\t\t\t\t\t\n\t\t\t\t\t\t<div class=\"knsl-title-two knsl-mb-30\">\n\t\t\t<span >\n\t\t\t\tRead more\t\t\t<\/span>\n\t\t<\/div>\n\t\t\t\t\n\t\t\t\t\t\t<\/div>\n\t\t\t\t<\/div>\n\t\t\t\t<\/a>\n\t\t<a class=\"elementor-element elementor-element-2040056 e-con-full e-flex e-con e-child\" data-id=\"2040056\" data-element_type=\"container\" data-settings=\"{&quot;background_background&quot;:&quot;classic&quot;}\" href=\"\/en\/restaurant\/restauranter-gudvangen\/viking-veikro-gudvangen\/\">\n\t\t\t\t<div class=\"elementor-element elementor-element-8e7828c elementor-widget elementor-widget-kinsley-section-heading-two\" data-id=\"8e7828c\" data-element_type=\"widget\" data-widget_type=\"kinsley-section-heading-two.default\">\n\t\t\t\t<div class=\"elementor-widget-container\">\n\t\t\t\t\t\n\t\t\t\t<div class=\"knsl-subtitle-two knsl-mb-20\">\n\t\t\t<span >\n\t\t\t\tTraditional Norwegian food\t\t\t<\/span>\n\t\t<\/div>\n\t\t\t\t\t\t<h2 class=\"knsl-title-two knsl-mb-30\">\n\t\t\t<span >\n\t\t\t\tViking Veikro Gudvangen\t\t\t<\/span>\n\t\t<\/h2>\n\t\t\t\t\n\t\t\t\t\t\t<\/div>\n\t\t\t\t<\/div>\n\t\t\t\t<div class=\"elementor-element elementor-element-ed7ba48 elementor-widget elementor-widget-kinsley-section-heading-two\" data-id=\"ed7ba48\" data-element_type=\"widget\" data-widget_type=\"kinsley-section-heading-two.default\">\n\t\t\t\t<div class=\"elementor-widget-container\">\n\t\t\t\t\t\n\t\t\t\t\t\t<div class=\"knsl-title-two knsl-mb-30\">\n\t\t\t<span >\n\t\t\t\tRead more\t\t\t<\/span>\n\t\t<\/div>\n\t\t\t\t\n\t\t\t\t\t\t<\/div>\n\t\t\t\t<\/div>\n\t\t\t\t<\/a>\n\t\t<a class=\"elementor-element elementor-element-caa9235 e-con-full e-flex e-con e-child\" data-id=\"caa9235\" data-element_type=\"container\" data-settings=\"{&quot;background_background&quot;:&quot;classic&quot;}\" href=\"\/en\/restaurant\/restauranter-gudvangen\/cafe-gudvangen\/\">\n\t\t\t\t<div class=\"elementor-element elementor-element-8a87735 elementor-widget elementor-widget-kinsley-section-heading-two\" data-id=\"8a87735\" data-element_type=\"widget\" data-widget_type=\"kinsley-section-heading-two.default\">\n\t\t\t\t<div class=\"elementor-widget-container\">\n\t\t\t\t\t\n\t\t\t\t<div class=\"knsl-subtitle-two knsl-mb-20\">\n\t\t\t<span >\n\t\t\t\tBakery, pizza and caf\u00e9\t\t\t<\/span>\n\t\t<\/div>\n\t\t\t\t\t\t<h2 class=\"knsl-title-two knsl-mb-30\">\n\t\t\t<span >\n\t\t\t\tCaf\u00e9 Gudvangen\t\t\t<\/span>\n\t\t<\/h2>\n\t\t\t\t\n\t\t\t\t\t\t<\/div>\n\t\t\t\t<\/div>\n\t\t\t\t<div class=\"elementor-element elementor-element-188be8b elementor-widget elementor-widget-kinsley-section-heading-two\" data-id=\"188be8b\" data-element_type=\"widget\" data-widget_type=\"kinsley-section-heading-two.default\">\n\t\t\t\t<div class=\"elementor-widget-container\">\n\t\t\t\t\t\n\t\t\t\t\t\t<div class=\"knsl-title-two knsl-mb-30\">\n\t\t\t<span >\n\t\t\t\tRead more\t\t\t<\/span>\n\t\t<\/div>\n\t\t\t\t\n\t\t\t\t\t\t<\/div>\n\t\t\t\t<\/div>\n\t\t\t\t<\/a>\n\t\t<a class=\"elementor-element elementor-element-f5796ac e-con-full e-flex e-con e-child\" data-id=\"f5796ac\" data-element_type=\"container\" data-settings=\"{&quot;background_background&quot;:&quot;classic&quot;}\" href=\"\/en\/restaurant\/restauranter-gudvangen\/buffet-restaurant\/\">\n\t\t\t\t<div class=\"elementor-element elementor-element-386097a elementor-widget elementor-widget-kinsley-section-heading-two\" data-id=\"386097a\" data-element_type=\"widget\" data-widget_type=\"kinsley-section-heading-two.default\">\n\t\t\t\t<div class=\"elementor-widget-container\">\n\t\t\t\t\t\n\t\t\t\t<div class=\"knsl-subtitle-two knsl-mb-20\">\n\t\t\t<span >\n\t\t\t\tDinner- and dessert buffet\t\t\t<\/span>\n\t\t<\/div>\n\t\t\t\t\t\t<h2 class=\"knsl-title-two knsl-mb-30\">\n\t\t\t<span >\n\t\t\t\tBuffet Restaurant\t\t\t<\/span>\n\t\t<\/h2>\n\t\t\t\t\n\t\t\t\t\t\t<\/div>\n\t\t\t\t<\/div>\n\t\t\t\t<div class=\"elementor-element elementor-element-3d9aabe elementor-widget elementor-widget-kinsley-section-heading-two\" data-id=\"3d9aabe\" data-element_type=\"widget\" data-widget_type=\"kinsley-section-heading-two.default\">\n\t\t\t\t<div class=\"elementor-widget-container\">\n\t\t\t\t\t\n\t\t\t\t\t\t<div class=\"knsl-title-two knsl-mb-30\">\n\t\t\t<span >\n\t\t\t\tRead more\t\t\t<\/span>\n\t\t<\/div>\n\t\t\t\t\n\t\t\t\t\t\t<\/div>\n\t\t\t\t<\/div>\n\t\t\t\t<\/a>\n\t\t\t\t<\/div>\n\t\t\t\t<\/div>\n\t\t\t\t\t<\/div>\n\t\t\t\t<\/div>\n\t\t\t\t<\/div>","protected":false},"excerpt":{"rendered":"<p>Utforsk Gudvangen Restauranter Gudvangen Book overnatting Kongshallen Gudvangen \u00c0 la carte restaurant Les mer Fersk sj\u00f8mat Gudvangen sj\u00f8matrestaurant Les mer&#8230; <span class=\"knsl-el-more\"><a href=\"https:\/\/gudvangenfjordtell.hornstaging.no\/en\/restaurant\/restauranter-gudvangen\/\" class=\"knsl-btn\">Read more<span class=\"screen-reader-text\">Read more&nbsp;Restauranter Gudvangen<\/span><\/a><\/span><\/p>","protected":false},"author":1,"featured_media":0,"parent":510,"menu_order":0,"comment_status":"closed","ping_status":"closed","template":"elementor_header_footer","meta":{"footnotes":""},"class_list":["post-11269","page","type-page","status-publish","hentry"],"acf":[],"_links":{"self":[{"href":"https:\/\/gudvangenfjordtell.hornstaging.no\/en\/wp-json\/wp\/v2\/pages\/11269","targetHints":{"allow":["GET"]}}],"collection":[{"href":"https:\/\/gudvangenfjordtell.hornstaging.no\/en\/wp-json\/wp\/v2\/pages"}],"about":[{"href":"https:\/\/gudvangenfjordtell.hornstaging.no\/en\/wp-json\/wp\/v2\/types\/page"}],"author":[{"embeddable":true,"href":"https:\/\/gudvangenfjordtell.hornstaging.no\/en\/wp-json\/wp\/v2\/users\/1"}],"replies":[{"embeddable":true,"href":"https:\/\/gudvangenfjordtell.hornstaging.no\/en\/wp-json\/wp\/v2\/comments?post=11269"}],"version-history":[{"count":10,"href":"https:\/\/gudvangenfjordtell.hornstaging.no\/en\/wp-json\/wp\/v2\/pages\/11269\/revisions"}],"predecessor-version":[{"id":11309,"href":"https:\/\/gudvangenfjordtell.hornstaging.no\/en\/wp-json\/wp\/v2\/pages\/11269\/revisions\/11309"}],"up":[{"embeddable":true,"href":"https:\/\/gudvangenfjordtell.hornstaging.no\/en\/wp-json\/wp\/v2\/pages\/510"}],"wp:attachment":[{"href":"https:\/\/gudvangenfjordtell.hornstaging.no\/en\/wp-json\/wp\/v2\/media?parent=11269"}],"curies":[{"name":"wp","href":"https:\/\/api.w.org\/{rel}","templated":true}]}}