{"id":10936,"date":"2024-10-10T11:13:39","date_gmt":"2024-10-10T09:13:39","guid":{"rendered":"https:\/\/gudvangenfjordtell.hornmedia.no\/?page_id=10936"},"modified":"2024-10-10T11:41:34","modified_gmt":"2024-10-10T09:41:34","slug":"rib-turer","status":"publish","type":"page","link":"https:\/\/gudvangenfjordtell.hornstaging.no\/en\/opplevelser\/rib-turer\/","title":{"rendered":"RIB-trips"},"content":{"rendered":"<div data-elementor-type=\"wp-page\" data-elementor-id=\"10936\" class=\"elementor elementor-10936\" data-elementor-post-type=\"page\">\n\t\t\t\t<div class=\"elementor-element elementor-element-cf43d68 e-flex e-con-boxed e-con e-parent\" data-id=\"cf43d68\" data-element_type=\"container\" data-settings=\"{&quot;background_background&quot;:&quot;classic&quot;}\">\n\t\t\t\t\t<div class=\"e-con-inner\">\n\t\t<div class=\"elementor-element elementor-element-f3c8e0d e-con-full e-flex e-con e-child\" data-id=\"f3c8e0d\" data-element_type=\"container\">\n\t\t\t\t<div class=\"elementor-element elementor-element-69f230a elementor-widget elementor-widget-kinsley-section-heading-two\" data-id=\"69f230a\" data-element_type=\"widget\" data-widget_type=\"kinsley-section-heading-two.default\">\n\t\t\t\t<div class=\"elementor-widget-container\">\n\t\t\t\t\t\n\t\t\t\t<div class=\"knsl-subtitle-two knsl-mb-20\">\n\t\t\t<span >\n\t\t\t\tExperiences\t\t\t<\/span>\n\t\t<\/div>\n\t\t\t\t\t\t<h2 class=\"knsl-title-two knsl-mb-30\">\n\t\t\t<span >\n\t\t\t\tRIB-trips\t\t\t<\/span>\n\t\t<\/h2>\n\t\t\t\t\n\t\t\t\t\t\t<\/div>\n\t\t\t\t<\/div>\n\t\t<div class=\"elementor-element elementor-element-141b1b1 e-con-full e-flex e-con e-child\" data-id=\"141b1b1\" data-element_type=\"container\">\n\t\t\t\t<div class=\"elementor-element elementor-element-fb4f390 elementor-widget elementor-widget-kinsley-buttons\" data-id=\"fb4f390\" data-element_type=\"widget\" data-widget_type=\"kinsley-buttons.default\">\n\t\t\t\t<div class=\"elementor-widget-container\">\n\t\t\t\t\t\n        <!-- action button -->\n        <a  target=\"_blank\" href=\"http:\/\/www.fjordsafari.com\/\" class=\"knsl-btn knsl-btn-md\">\n                        <span >\n            Les mer om Fjord Safari            <\/span>\n        <\/a>\n        <!-- action button end -->\n\n\t\t\t\t\t\t<\/div>\n\t\t\t\t<\/div>\n\t\t\t\t<div class=\"elementor-element elementor-element-10bdf9f elementor-widget elementor-widget-kinsley-buttons\" data-id=\"10bdf9f\" data-element_type=\"widget\" data-widget_type=\"kinsley-buttons.default\">\n\t\t\t\t<div class=\"elementor-widget-container\">\n\t\t\t\t\t\n        <!-- action button -->\n        <a  href=\"\/en\/om-oss\/\" class=\"knsl-btn knsl-btn-md\">\n                        <span >\n            Book accommodation            <\/span>\n        <\/a>\n        <!-- action button end -->\n\n\t\t\t\t\t\t<\/div>\n\t\t\t\t<\/div>\n\t\t\t\t<\/div>\n\t\t\t\t<\/div>\n\t\t\t\t\t<\/div>\n\t\t\t\t<\/div>\n\t\t<div class=\"elementor-element elementor-element-15eac9a e-flex e-con-boxed e-con e-child\" data-id=\"15eac9a\" data-element_type=\"container\">\n\t\t\t\t\t<div class=\"e-con-inner\">\n\t\t<div class=\"elementor-element elementor-element-2076f24 e-con-full e-flex e-con e-child\" data-id=\"2076f24\" data-element_type=\"container\">\n\t\t\t\t<div class=\"elementor-element elementor-element-924b434 elementor-widget elementor-widget-kinsley-section-heading-two\" data-id=\"924b434\" data-element_type=\"widget\" data-widget_type=\"kinsley-section-heading-two.default\">\n\t\t\t\t<div class=\"elementor-widget-container\">\n\t\t\t\t\t\n\t\t\t\t\t\t<h2 class=\"knsl-title-two knsl-mb-30\">\n\t\t\t<span >\n\t\t\t\tExperience <em><strong>Nature and Wildlife<\/strong><\/em> year round\t\t\t<\/span>\n\t\t<\/h2>\n\t\t\t\t\t\t<div class=\"knsl-description-two\">\n\t\t\t<div >\n\t\t\t\tExplore the N\u00e6r\u00f8yfjord by RIB boat. Get up close to waterfalls, fjords, and wildlife with guided tours from Fjordsafari, available all year.\t\t\t<\/div>\n\t\t<\/div>\n\t\t\n\t\t\t\t\t\t<\/div>\n\t\t\t\t<\/div>\n\t\t\t\t<div class=\"elementor-element elementor-element-b2063e0 elementor-widget elementor-widget-text-editor\" data-id=\"b2063e0\" data-element_type=\"widget\" data-widget_type=\"text-editor.default\">\n\t\t\t\t<div class=\"elementor-widget-container\">\n\t\t\t\t\t\t\t\t\t<p>RIB tours are a fantastic way to experience both nature and wildlife up close. Fjordsafari offers a variety of guided tours, with all necessary equipment included. These tours provide a chance to get close to the dramatic fjord landscapes, waterfalls, and rich wildlife, such as seals, porpoises, and seabirds. With experienced guides, you\u2019ll enjoy not just an exciting boat trip but also gain insights into the unique history and culture of the area. Fjordsafari is open year-round, allowing you to explore the fjord in both summer and winter, when the landscape transforms with the changing light and colors of the seasons.<\/p>\t\t\t\t\t\t\t\t<\/div>\n\t\t\t\t<\/div>\n\t\t\t\t<div class=\"elementor-element elementor-element-f2ebcfa elementor-widget elementor-widget-kinsley-buttons\" data-id=\"f2ebcfa\" data-element_type=\"widget\" data-widget_type=\"kinsley-buttons.default\">\n\t\t\t\t<div class=\"elementor-widget-container\">\n\t\t\t\t\t\n        <!-- action button -->\n        <a  target=\"_blank\" href=\"http:\/\/www.fjordsafari.com\/\" class=\"knsl-btn knsl-btn-md\">\n                        <span >\n            Read more            <\/span>\n        <\/a>\n        <!-- action button end -->\n\n\t\t\t\t\t\t<\/div>\n\t\t\t\t<\/div>\n\t\t\t\t<\/div>\n\t\t<div class=\"elementor-element elementor-element-cb6de71 e-con-full e-flex e-con e-child\" data-id=\"cb6de71\" data-element_type=\"container\">\n\t\t<div class=\"elementor-element elementor-element-14dbcc5 e-flex e-con-boxed e-con e-child\" data-id=\"14dbcc5\" data-element_type=\"container\" data-settings=\"{&quot;background_background&quot;:&quot;classic&quot;,&quot;sticky&quot;:&quot;top&quot;,&quot;sticky_offset&quot;:150,&quot;sticky_parent&quot;:&quot;yes&quot;,&quot;sticky_on&quot;:[&quot;desktop&quot;,&quot;tablet&quot;,&quot;mobile&quot;],&quot;sticky_effects_offset&quot;:0,&quot;sticky_anchor_link_offset&quot;:0}\">\n\t\t\t\t\t<div class=\"e-con-inner\">\n\t\t\t\t<div class=\"elementor-element elementor-element-5681171 elementor-widget elementor-widget-kinsley-section-heading-two\" data-id=\"5681171\" data-element_type=\"widget\" data-widget_type=\"kinsley-section-heading-two.default\">\n\t\t\t\t<div class=\"elementor-widget-container\">\n\t\t\t\t\t\n\t\t\t\t\t\t<h2 class=\"knsl-title-two knsl-mb-30\">\n\t\t\t<span >\n\t\t\t\tOther experiences\t\t\t<\/span>\n\t\t<\/h2>\n\t\t\t\t\n\t\t\t\t\t\t<\/div>\n\t\t\t\t<\/div>\n\t\t\t\t<div class=\"elementor-element elementor-element-c6066f0 elementor-icon-list--layout-traditional elementor-list-item-link-full_width elementor-widget elementor-widget-icon-list\" data-id=\"c6066f0\" data-element_type=\"widget\" data-widget_type=\"icon-list.default\">\n\t\t\t\t<div class=\"elementor-widget-container\">\n\t\t\t\t\t\t\t<ul class=\"elementor-icon-list-items\">\n\t\t\t\t\t\t\t<li class=\"elementor-icon-list-item\">\n\t\t\t\t\t\t\t\t\t\t\t<a href=\"\/en\/opplevelser\/turistferger\/\">\n\n\t\t\t\t\t\t\t\t\t\t\t\t<span class=\"elementor-icon-list-icon\">\n\t\t\t\t\t\t\t<svg aria-hidden=\"true\" class=\"e-font-icon-svg e-fas-long-arrow-alt-right\" viewbox=\"0 0 448 512\" xmlns=\"http:\/\/www.w3.org\/2000\/svg\"><path d=\"M313.941 216H12c-6.627 0-12 5.373-12 12v56c0 6.627 5.373 12 12 12h301.941v46.059c0 21.382 25.851 32.09 40.971 16.971l86.059-86.059c9.373-9.373 9.373-24.569 0-33.941l-86.059-86.059c-15.119-15.119-40.971-4.411-40.971 16.971V216z\"><\/path><\/svg>\t\t\t\t\t\t<\/span>\n\t\t\t\t\t\t\t\t\t\t<span class=\"elementor-icon-list-text\">Tourist ferries<\/span>\n\t\t\t\t\t\t\t\t\t\t\t<\/a>\n\t\t\t\t\t\t\t\t\t<\/li>\n\t\t\t\t\t\t\t\t<li class=\"elementor-icon-list-item\">\n\t\t\t\t\t\t\t\t\t\t\t<a href=\"\/en\/opplevelser\/kajakkpadling-i-gudvangen\/\">\n\n\t\t\t\t\t\t\t\t\t\t\t\t<span class=\"elementor-icon-list-icon\">\n\t\t\t\t\t\t\t<svg aria-hidden=\"true\" class=\"e-font-icon-svg e-fas-long-arrow-alt-right\" viewbox=\"0 0 448 512\" xmlns=\"http:\/\/www.w3.org\/2000\/svg\"><path d=\"M313.941 216H12c-6.627 0-12 5.373-12 12v56c0 6.627 5.373 12 12 12h301.941v46.059c0 21.382 25.851 32.09 40.971 16.971l86.059-86.059c9.373-9.373 9.373-24.569 0-33.941l-86.059-86.059c-15.119-15.119-40.971-4.411-40.971 16.971V216z\"><\/path><\/svg>\t\t\t\t\t\t<\/span>\n\t\t\t\t\t\t\t\t\t\t<span class=\"elementor-icon-list-text\">Kayaking in Gudvangen<\/span>\n\t\t\t\t\t\t\t\t\t\t\t<\/a>\n\t\t\t\t\t\t\t\t\t<\/li>\n\t\t\t\t\t\t\t\t<li class=\"elementor-icon-list-item\">\n\t\t\t\t\t\t\t\t\t\t\t<a href=\"\/en\/opplevelser\/fjellturer\/\">\n\n\t\t\t\t\t\t\t\t\t\t\t\t<span class=\"elementor-icon-list-icon\">\n\t\t\t\t\t\t\t<svg aria-hidden=\"true\" class=\"e-font-icon-svg e-fas-long-arrow-alt-right\" viewbox=\"0 0 448 512\" xmlns=\"http:\/\/www.w3.org\/2000\/svg\"><path d=\"M313.941 216H12c-6.627 0-12 5.373-12 12v56c0 6.627 5.373 12 12 12h301.941v46.059c0 21.382 25.851 32.09 40.971 16.971l86.059-86.059c9.373-9.373 9.373-24.569 0-33.941l-86.059-86.059c-15.119-15.119-40.971-4.411-40.971 16.971V216z\"><\/path><\/svg>\t\t\t\t\t\t<\/span>\n\t\t\t\t\t\t\t\t\t\t<span class=\"elementor-icon-list-text\">Hiking in the mountains<\/span>\n\t\t\t\t\t\t\t\t\t\t\t<\/a>\n\t\t\t\t\t\t\t\t\t<\/li>\n\t\t\t\t\t\t\t\t<li class=\"elementor-icon-list-item\">\n\t\t\t\t\t\t\t\t\t\t\t<a href=\"\/en\/opplevelser\/sup-norway\/\">\n\n\t\t\t\t\t\t\t\t\t\t\t\t<span class=\"elementor-icon-list-icon\">\n\t\t\t\t\t\t\t<svg aria-hidden=\"true\" class=\"e-font-icon-svg e-fas-long-arrow-alt-right\" viewbox=\"0 0 448 512\" xmlns=\"http:\/\/www.w3.org\/2000\/svg\"><path d=\"M313.941 216H12c-6.627 0-12 5.373-12 12v56c0 6.627 5.373 12 12 12h301.941v46.059c0 21.382 25.851 32.09 40.971 16.971l86.059-86.059c9.373-9.373 9.373-24.569 0-33.941l-86.059-86.059c-15.119-15.119-40.971-4.411-40.971 16.971V216z\"><\/path><\/svg>\t\t\t\t\t\t<\/span>\n\t\t\t\t\t\t\t\t\t\t<span class=\"elementor-icon-list-text\">SUP Norway<\/span>\n\t\t\t\t\t\t\t\t\t\t\t<\/a>\n\t\t\t\t\t\t\t\t\t<\/li>\n\t\t\t\t\t\t\t\t<li class=\"elementor-icon-list-item\">\n\t\t\t\t\t\t\t\t\t\t\t<a href=\"\/en\/opplevelser\/rib-turer\/\">\n\n\t\t\t\t\t\t\t\t\t\t\t\t<span class=\"elementor-icon-list-icon\">\n\t\t\t\t\t\t\t<svg aria-hidden=\"true\" class=\"e-font-icon-svg e-fas-long-arrow-alt-right\" viewbox=\"0 0 448 512\" xmlns=\"http:\/\/www.w3.org\/2000\/svg\"><path d=\"M313.941 216H12c-6.627 0-12 5.373-12 12v56c0 6.627 5.373 12 12 12h301.941v46.059c0 21.382 25.851 32.09 40.971 16.971l86.059-86.059c9.373-9.373 9.373-24.569 0-33.941l-86.059-86.059c-15.119-15.119-40.971-4.411-40.971 16.971V216z\"><\/path><\/svg>\t\t\t\t\t\t<\/span>\n\t\t\t\t\t\t\t\t\t\t<span class=\"elementor-icon-list-text\">RIB-trips<\/span>\n\t\t\t\t\t\t\t\t\t\t\t<\/a>\n\t\t\t\t\t\t\t\t\t<\/li>\n\t\t\t\t\t\t\t\t<li class=\"elementor-icon-list-item\">\n\t\t\t\t\t\t\t\t\t\t\t<a href=\"\/en\/opplevelser\/gudvangen-hydrobikes\/\">\n\n\t\t\t\t\t\t\t\t\t\t\t\t<span class=\"elementor-icon-list-icon\">\n\t\t\t\t\t\t\t<svg aria-hidden=\"true\" class=\"e-font-icon-svg e-fas-long-arrow-alt-right\" viewbox=\"0 0 448 512\" xmlns=\"http:\/\/www.w3.org\/2000\/svg\"><path d=\"M313.941 216H12c-6.627 0-12 5.373-12 12v56c0 6.627 5.373 12 12 12h301.941v46.059c0 21.382 25.851 32.09 40.971 16.971l86.059-86.059c9.373-9.373 9.373-24.569 0-33.941l-86.059-86.059c-15.119-15.119-40.971-4.411-40.971 16.971V216z\"><\/path><\/svg>\t\t\t\t\t\t<\/span>\n\t\t\t\t\t\t\t\t\t\t<span class=\"elementor-icon-list-text\">Gudvangen Hydrobikes<\/span>\n\t\t\t\t\t\t\t\t\t\t\t<\/a>\n\t\t\t\t\t\t\t\t\t<\/li>\n\t\t\t\t\t\t\t\t<li class=\"elementor-icon-list-item\">\n\t\t\t\t\t\t\t\t\t\t\t<a href=\"\/en\/opplevelser\/undredal\/\">\n\n\t\t\t\t\t\t\t\t\t\t\t\t<span class=\"elementor-icon-list-icon\">\n\t\t\t\t\t\t\t<svg aria-hidden=\"true\" class=\"e-font-icon-svg e-fas-long-arrow-alt-right\" viewbox=\"0 0 448 512\" xmlns=\"http:\/\/www.w3.org\/2000\/svg\"><path d=\"M313.941 216H12c-6.627 0-12 5.373-12 12v56c0 6.627 5.373 12 12 12h301.941v46.059c0 21.382 25.851 32.09 40.971 16.971l86.059-86.059c9.373-9.373 9.373-24.569 0-33.941l-86.059-86.059c-15.119-15.119-40.971-4.411-40.971 16.971V216z\"><\/path><\/svg>\t\t\t\t\t\t<\/span>\n\t\t\t\t\t\t\t\t\t\t<span class=\"elementor-icon-list-text\">Undredal<\/span>\n\t\t\t\t\t\t\t\t\t\t\t<\/a>\n\t\t\t\t\t\t\t\t\t<\/li>\n\t\t\t\t\t\t\t\t<li class=\"elementor-icon-list-item\">\n\t\t\t\t\t\t\t\t\t\t\t<a href=\"\/en\/opplevelser\/aurlandsvegen\/\">\n\n\t\t\t\t\t\t\t\t\t\t\t\t<span class=\"elementor-icon-list-icon\">\n\t\t\t\t\t\t\t<svg aria-hidden=\"true\" class=\"e-font-icon-svg e-fas-long-arrow-alt-right\" viewbox=\"0 0 448 512\" xmlns=\"http:\/\/www.w3.org\/2000\/svg\"><path d=\"M313.941 216H12c-6.627 0-12 5.373-12 12v56c0 6.627 5.373 12 12 12h301.941v46.059c0 21.382 25.851 32.09 40.971 16.971l86.059-86.059c9.373-9.373 9.373-24.569 0-33.941l-86.059-86.059c-15.119-15.119-40.971-4.411-40.971 16.971V216z\"><\/path><\/svg>\t\t\t\t\t\t<\/span>\n\t\t\t\t\t\t\t\t\t\t<span class=\"elementor-icon-list-text\">Aurlandsvegen<\/span>\n\t\t\t\t\t\t\t\t\t\t\t<\/a>\n\t\t\t\t\t\t\t\t\t<\/li>\n\t\t\t\t\t\t\t\t<li class=\"elementor-icon-list-item\">\n\t\t\t\t\t\t\t\t\t\t\t<a href=\"\/en\/opplevelser\/skitur-i-myrkdalen\/\">\n\n\t\t\t\t\t\t\t\t\t\t\t\t<span class=\"elementor-icon-list-icon\">\n\t\t\t\t\t\t\t<svg aria-hidden=\"true\" class=\"e-font-icon-svg e-fas-long-arrow-alt-right\" viewbox=\"0 0 448 512\" xmlns=\"http:\/\/www.w3.org\/2000\/svg\"><path d=\"M313.941 216H12c-6.627 0-12 5.373-12 12v56c0 6.627 5.373 12 12 12h301.941v46.059c0 21.382 25.851 32.09 40.971 16.971l86.059-86.059c9.373-9.373 9.373-24.569 0-33.941l-86.059-86.059c-15.119-15.119-40.971-4.411-40.971 16.971V216z\"><\/path><\/svg>\t\t\t\t\t\t<\/span>\n\t\t\t\t\t\t\t\t\t\t<span class=\"elementor-icon-list-text\">Skiing in Myrkdalen<\/span>\n\t\t\t\t\t\t\t\t\t\t\t<\/a>\n\t\t\t\t\t\t\t\t\t<\/li>\n\t\t\t\t\t\t<\/ul>\n\t\t\t\t\t\t<\/div>\n\t\t\t\t<\/div>\n\t\t\t\t\t<\/div>\n\t\t\t\t<\/div>\n\t\t\t\t<\/div>\n\t\t\t\t\t<\/div>\n\t\t\t\t<\/div>\n\t\t\t\t<\/div>","protected":false},"excerpt":{"rendered":"<p>Opplevelser RIB-turer Les mer om Fjord Safari Book overnatting Opplev natur og dyreliv hele \u00e5ret Utforsk N\u00e6r\u00f8yfjorden med RIB-b\u00e5t. Opplev&#8230; <span class=\"knsl-el-more\"><a href=\"https:\/\/gudvangenfjordtell.hornstaging.no\/en\/opplevelser\/rib-turer\/\" class=\"knsl-btn\">Read more<span class=\"screen-reader-text\">Read more&nbsp;RIB-turer<\/span><\/a><\/span><\/p>","protected":false},"author":1,"featured_media":0,"parent":9969,"menu_order":0,"comment_status":"closed","ping_status":"closed","template":"elementor_header_footer","meta":{"footnotes":""},"class_list":["post-10936","page","type-page","status-publish","hentry"],"acf":[],"_links":{"self":[{"href":"https:\/\/gudvangenfjordtell.hornstaging.no\/en\/wp-json\/wp\/v2\/pages\/10936","targetHints":{"allow":["GET"]}}],"collection":[{"href":"https:\/\/gudvangenfjordtell.hornstaging.no\/en\/wp-json\/wp\/v2\/pages"}],"about":[{"href":"https:\/\/gudvangenfjordtell.hornstaging.no\/en\/wp-json\/wp\/v2\/types\/page"}],"author":[{"embeddable":true,"href":"https:\/\/gudvangenfjordtell.hornstaging.no\/en\/wp-json\/wp\/v2\/users\/1"}],"replies":[{"embeddable":true,"href":"https:\/\/gudvangenfjordtell.hornstaging.no\/en\/wp-json\/wp\/v2\/comments?post=10936"}],"version-history":[{"count":10,"href":"https:\/\/gudvangenfjordtell.hornstaging.no\/en\/wp-json\/wp\/v2\/pages\/10936\/revisions"}],"predecessor-version":[{"id":11009,"href":"https:\/\/gudvangenfjordtell.hornstaging.no\/en\/wp-json\/wp\/v2\/pages\/10936\/revisions\/11009"}],"up":[{"embeddable":true,"href":"https:\/\/gudvangenfjordtell.hornstaging.no\/en\/wp-json\/wp\/v2\/pages\/9969"}],"wp:attachment":[{"href":"https:\/\/gudvangenfjordtell.hornstaging.no\/en\/wp-json\/wp\/v2\/media?parent=10936"}],"curies":[{"name":"wp","href":"https:\/\/api.w.org\/{rel}","templated":true}]}}